{"id":533,"date":"2018-10-11T13:31:06","date_gmt":"2018-10-11T11:31:06","guid":{"rendered":"https:\/\/klervilaforce.com\/?page_id=533"},"modified":"2025-03-09T19:59:12","modified_gmt":"2025-03-09T18:59:12","slug":"notre-filiale","status":"publish","type":"page","link":"https:\/\/www.vanalyse.fr\/?page_id=533","title":{"rendered":"Notre filiale"},"content":{"rendered":"[vc_row thb_full_width=\u00a0\u00bbtrue\u00a0\u00bb css=\u00a0\u00bb.vc_custom_1574116429545{padding-top: 35vh !important;padding-bottom: 20vh !important;background-image: url(https:\/\/www.vanalyse.fr\/wp-content\/uploads\/2019\/11\/Vanalyse-madagascar-vanille.jpg?id=1147) !important;background-position: center !important;background-repeat: no-repeat !important;background-size: cover !important;}\u00a0\u00bb el_class=\u00a0\u00bbalign-center\u00a0\u00bb][vc_column thb_color=\u00a0\u00bbthb-light-column\u00a0\u00bb animation=\u00a0\u00bbanimation bottom-to-top-3d\u00a0\u00bb el_class=\u00a0\u00bbtext-center\u00a0\u00bb][vc_row_inner el_class=\u00a0\u00bbalign-center\u00a0\u00bb][vc_column_inner thb_color=\u00a0\u00bbthb-light-column\u00a0\u00bb offset=\u00a0\u00bbvc_col-lg-7 vc_col-md-10&Prime;][vc_column_text]\n<h1>Notre filiale \u00e0 Madagascar<\/h1>\n[\/vc_column_text][\/vc_column_inner][\/vc_row_inner][\/vc_column][\/vc_row][vc_row el_class=\u00a0\u00bbtext-center align-center\u00a0\u00bb css=\u00a0\u00bb.vc_custom_1516293018965{padding-top: 14vh !important;padding-bottom: 14vh !important;}\u00a0\u00bb][vc_column offset=\u00a0\u00bbvc_col-lg-8 vc_col-md-9&Prime;][vc_single_image image=\u00a0\u00bb947&Prime; img_size=\u00a0\u00bb100px\u00a0\u00bb alignment=\u00a0\u00bbcenter\u00a0\u00bb css_animation=\u00a0\u00bbfadeInDown\u00a0\u00bb][vc_column_text animation=\u00a0\u00bbanimation bottom-to-top\u00a0\u00bb]\n<p class=\"p1\" style=\"text-align: left;\"><b>JLB Madagascar<\/b>, est une entreprise priv\u00e9e et ind\u00e9pendante, cr\u00e9\u00e9e et g\u00e9r\u00e9e par l\u2019association des soci\u00e9t\u00e9s\u00a0<b>Vanalyse<\/b>\u00a0et\u00a0<b>JLB Expertises<\/b>.<\/p>\n<p class=\"p1\" style=\"text-align: left;\"><b>JLB expertises<\/b>\u00a0est implant\u00e9 depuis plus de 15 ans dans une quinzaine de pays d\u2019Afrique de l\u2019Ouest, et repr\u00e9sent\u00e9 dans les principaux ports d\u2019Asie du Sud-est, d\u2019Europe et d\u2019Am\u00e9rique du Nord.<\/p>\n<p class=\"p1\" style=\"text-align: left;\">Ainsi, nos prestations regroupent \u00e0 la fois le contr\u00f4le qualit\u00e9 et la surveillance \u00e0 l\u2019embarquement et au d\u00e9chargement des marchandises dans\u00a0<b>tous les ports de Madagascar<\/b>.<\/p>\n[\/vc_column_text][vc_empty_space height=\u00a0\u00bb50px\u00a0\u00bb][vc_gallery images=\u00a0\u00bb1142,1151&Prime; img_size=\u00a0\u00bb900&#215;600&Prime; animation=\u00a0\u00bbanimation right-to-left\u00a0\u00bb][vc_column_text animation=\u00a0\u00bbanimation bottom-to-top\u00a0\u00bb]\n<h2 class=\"p2\" style=\"text-align: left;\"><b>Contr\u00f4le de qualit\u00e9<\/b><\/h2>\n<p class=\"p1\" style=\"text-align: left;\"><b>JLB Madagascar<\/b>\u00a0r\u00e9alise des contr\u00f4les de qualit\u00e9s sur les mati\u00e8res premi\u00e8res agricoles export\u00e9es\u00a0: vanille, \u00e9pices (girofle, poivre, cannelle, baie rose, etc) et les huiles essentielles.<\/p>\n<p>&nbsp;<\/p>\n<h2 class=\"p2\" style=\"text-align: left;\"><b>Expertises et surveillance<\/b><\/h2>\n<p class=\"p1\" style=\"text-align: left;\"><strong>JLB Madagascar<\/strong>\u00a0intervient \u00e9galement dans l\u2019expertise de marchandises diverses et surveillance au d\u00e9chargement de cargaisons \u00e0 l\u2019import dans les principaux ports de l\u2019\u00eele (Tamatave, Diego Suarez, Nosy Be, Tul\u00e9ar, Majunga).<\/p>\n<p>&nbsp;<\/p>\n<h2 class=\"p2\" style=\"text-align: left;\"><b>Suivis de conteneurs<\/b><\/h2>\n<p class=\"p1\" style=\"text-align: left;\">R\u00e9alisation des suivis d\u2019empotages, des contr\u00f4les de poids, ainsi que des suivis de conteneurs depuis leur arriv\u00e9e et jusqu\u2019au port.<\/p>\n[\/vc_column_text][vc_empty_space height=\u00a0\u00bb50px\u00a0\u00bb]\t<a id=\"thb-button-69f497bf5afeb\" class=\"btn style1 large  accent no-radius animation top-to-bottom   arrow-enabled\" href=\"https:\/\/www.jlbexpertises.com\/madagascar\/\" target=\"_self\" role=\"button\">\n\t\t\t  <span>En savoir plus<\/span><svg xmlns=\"http:\/\/www.w3.org\/2000\/svg\" xmlns:xlink=\"http:\/\/www.w3.org\/1999\/xlink\" x=\"0px\" y=\"0px\"\r\n\t width=\"30px\" height=\"18px\" viewBox=\"0 0 30 18\" enable-background=\"new 0 0 30 18\" xml:space=\"preserve\">\r\n<path class=\"handle\" d=\"M20.305,16.212c-0.407,0.409-0.407,1.071,0,1.479s1.068,0.408,1.476,0l7.914-7.952c0.408-0.409,0.408-1.071,0-1.481\r\n\tl-7.914-7.952c-0.407-0.409-1.068-0.409-1.476,0s-0.407,1.071,0,1.48l7.185,7.221L20.305,16.212z\"\/>\r\n<path class=\"bar\" fill-rule=\"evenodd\" clip-rule=\"evenodd\" d=\"M1,8h28.001c0.551,0,1,0.448,1,1c0,0.553-0.449,1-1,1H1c-0.553,0-1-0.447-1-1\r\n\tC0,8.448,0.447,8,1,8z\"\/>\r\n<\/svg>\r\n<\/a>\n    [\/vc_column][\/vc_row][vc_row][vc_column][vc_column_text][\/vc_column_text][\/vc_column][\/vc_row]\n","protected":false},"excerpt":{"rendered":"<p>[vc_row thb_full_width=\u00a0\u00bbtrue\u00a0\u00bb css=\u00a0\u00bb.vc_custom_1574116429545{padding-top: 35vh !important;padding-bottom: 20vh !important;background-image: url(https:\/\/www.vanalyse.fr\/wp-content\/uploads\/2019\/11\/Vanalyse-madagascar-vanille.jpg?id=1147) !important;background-position: center !important;background-repeat: no-repeat !important;background-size: cover !important;}\u00a0\u00bb el_class=\u00a0\u00bbalign-center\u00a0\u00bb][vc_column thb_color=\u00a0\u00bbthb-light-column\u00a0\u00bb animation=\u00a0\u00bbanimation bottom-to-top-3d\u00a0\u00bb el_class=\u00a0\u00bbtext-center\u00a0\u00bb][vc_row_inner el_class=\u00a0\u00bbalign-center\u00a0\u00bb][vc_column_inner thb_color=\u00a0\u00bbthb-light-column\u00a0\u00bb offset=\u00a0\u00bbvc_col-lg-7 vc_col-md-10&Prime;][vc_column_text] Notre filiale \u00e0 Madagascar [\/vc_column_text][\/vc_column_inner][\/vc_row_inner][\/vc_column][\/vc_row][vc_row el_class=\u00a0\u00bbtext-center align-center\u00a0\u00bb css=\u00a0\u00bb.vc_custom_1516293018965{padding-top: 14vh !important;padding-bottom: 14vh !important;}\u00a0\u00bb][vc_column offset=\u00a0\u00bbvc_col-lg-8 vc_col-md-9&Prime;][vc_single_image image=\u00a0\u00bb947&Prime; img_size=\u00a0\u00bb100px\u00a0\u00bb alignment=\u00a0\u00bbcenter\u00a0\u00bb css_animation=\u00a0\u00bbfadeInDown\u00a0\u00bb][vc_column_text animation=\u00a0\u00bbanimation bottom-to-top\u00a0\u00bb] JLB Madagascar, est une entreprise priv\u00e9e et ind\u00e9pendante, cr\u00e9\u00e9e et g\u00e9r\u00e9e&hellip;<\/p>\n","protected":false},"author":1,"featured_media":0,"parent":0,"menu_order":0,"comment_status":"closed","ping_status":"closed","template":"","meta":{"_seopress_robots_primary_cat":"","_seopress_titles_title":"D\u00e9couvrez notre filiale \u00e0 Madagascar - Vanalyse","_seopress_titles_desc":"D\u00e9couvrez JLB Madagascar : notre filiale sp\u00e9cialis\u00e9e dans le contr\u00f4le qualit\u00e9 et la surveillance \u00e0 l'embarquement et au d\u00e9chargement des marchandises.","_seopress_robots_index":"","footnotes":""},"class_list":["post-533","page","type-page","status-publish","hentry"],"_links":{"self":[{"href":"https:\/\/www.vanalyse.fr\/index.php?rest_route=\/wp\/v2\/pages\/533","targetHints":{"allow":["GET"]}}],"collection":[{"href":"https:\/\/www.vanalyse.fr\/index.php?rest_route=\/wp\/v2\/pages"}],"about":[{"href":"https:\/\/www.vanalyse.fr\/index.php?rest_route=\/wp\/v2\/types\/page"}],"author":[{"embeddable":true,"href":"https:\/\/www.vanalyse.fr\/index.php?rest_route=\/wp\/v2\/users\/1"}],"replies":[{"embeddable":true,"href":"https:\/\/www.vanalyse.fr\/index.php?rest_route=%2Fwp%2Fv2%2Fcomments&post=533"}],"version-history":[{"count":14,"href":"https:\/\/www.vanalyse.fr\/index.php?rest_route=\/wp\/v2\/pages\/533\/revisions"}],"predecessor-version":[{"id":1148,"href":"https:\/\/www.vanalyse.fr\/index.php?rest_route=\/wp\/v2\/pages\/533\/revisions\/1148"}],"wp:attachment":[{"href":"https:\/\/www.vanalyse.fr\/index.php?rest_route=%2Fwp%2Fv2%2Fmedia&parent=533"}],"curies":[{"name":"wp","href":"https:\/\/api.w.org\/{rel}","templated":true}]}}