{"id":111,"date":"2018-02-04T14:51:39","date_gmt":"2018-02-04T14:51:39","guid":{"rendered":"http:\/\/revolution.fuelthemes.net\/revolution-coraline\/?page_id=111"},"modified":"2025-12-09T21:48:54","modified_gmt":"2025-12-09T20:48:54","slug":"home","status":"publish","type":"page","link":"https:\/\/www.vanalyse.fr\/","title":{"rendered":"Accueil"},"content":{"rendered":"[vc_row thb_full_width=\u00a0\u00bbtrue\u00a0\u00bb thb_row_padding=\u00a0\u00bbtrue\u00a0\u00bb thb_column_padding=\u00a0\u00bbtrue\u00a0\u00bb full_height=\u00a0\u00bbyes\u00a0\u00bb css=\u00a0\u00bb.vc_custom_1546005147652{padding-top: 32vh !important;background: rgba(247,221,178,0.11) url(https:\/\/www.vanalyse.fr\/wp-content\/uploads\/2018\/12\/HP-header-filtre-1.jpg?id=1114) !important;background-position: center !important;background-repeat: no-repeat !important;background-size: cover !important;*background-color: rgb(247,221,178) !important;}\u00a0\u00bb][vc_column thb_color=\u00a0\u00bbthb-light-column\u00a0\u00bb offset=\u00a0\u00bbvc_col-lg-offset-0 vc_col-md-offset-0 vc_col-sm-offset-0&Prime; css=\u00a0\u00bb.vc_custom_1539204807983{margin-bottom: 10% !important;}\u00a0\u00bb][vc_row_inner thb_max_width=\u00a0\u00bb\u00a0\u00bb][vc_column_inner width=\u00a0\u00bb11\/12&Prime; offset=\u00a0\u00bbvc_col-lg-offset-1 vc_col-lg-8 vc_col-md-5&Prime; css=\u00a0\u00bb.vc_custom_1546005622794{padding-left: 10% !important;}\u00a0\u00bb]\t<div id=\"thb-slidetype-69d800412249f\" class=\"thb-slidetype \" data-style=\"style1\">\n\t\t\n<h1><span class=\"thb-slidetype-entry\"><span class=\"lines\">Laboratoire ind\u00e9pendant,<br \/>\nsp\u00e9cialis\u00e9 en ing\u00e9nierie analytique<\/span><\/span><\/h1>\n\t\t\t\t<style>\n\t\t\t#thb-slidetype-69d800412249f .thb-slidetype-entry {\n\t\t\t\tcolor: #ffffff;\n\t\t\t}\n\t\t<\/style>\n\t\t\t<\/div>\n  \n  [vc_column_text animation=\u00a0\u00bbanimation bottom-to-top\u00a0\u00bb]<span style=\"color: #ffffff;\"><strong>Contr\u00f4le qualit\u00e9, analyses, expertise, \u00e9tudes et recherches<\/strong><\/span>[\/vc_column_text]\t<a id=\"thb-button-69d8004122519\" class=\"btn style1 medium  black no-radius animation bottom-to-top   arrow-enabled\" href=\"https:\/\/www.vanalyse.fr\/?page_id=131\" target=\"_self\" role=\"button\">\n\t\t\t  <span>D\u00e9couvrir le laboratoire<\/span><svg xmlns=\"http:\/\/www.w3.org\/2000\/svg\" xmlns:xlink=\"http:\/\/www.w3.org\/1999\/xlink\" x=\"0px\" y=\"0px\"\r\n\t width=\"30px\" height=\"18px\" viewBox=\"0 0 30 18\" enable-background=\"new 0 0 30 18\" xml:space=\"preserve\">\r\n<path class=\"handle\" d=\"M20.305,16.212c-0.407,0.409-0.407,1.071,0,1.479s1.068,0.408,1.476,0l7.914-7.952c0.408-0.409,0.408-1.071,0-1.481\r\n\tl-7.914-7.952c-0.407-0.409-1.068-0.409-1.476,0s-0.407,1.071,0,1.48l7.185,7.221L20.305,16.212z\"\/>\r\n<path class=\"bar\" fill-rule=\"evenodd\" clip-rule=\"evenodd\" d=\"M1,8h28.001c0.551,0,1,0.448,1,1c0,0.553-0.449,1-1,1H1c-0.553,0-1-0.447-1-1\r\n\tC0,8.448,0.447,8,1,8z\"\/>\r\n<\/svg>\r\n<\/a>\n    [\/vc_column_inner][\/vc_row_inner][\/vc_column][\/vc_row][vc_row thb_full_width=\u00a0\u00bbtrue\u00a0\u00bb css=\u00a0\u00bb.vc_custom_1539206187562{margin-top: 12vh !important;padding-top: 12vh !important;padding-bottom: 12vh !important;background-color: rgba(255,255,255,0.11) !important;*background-color: rgb(255,255,255) !important;}\u00a0\u00bb][vc_column][vc_row_inner content_placement=\u00a0\u00bbmiddle\u00a0\u00bb el_class=\u00a0\u00bbalign-justify\u00a0\u00bb][vc_column_inner width=\u00a0\u00bb1\/2&Prime; offset=\u00a0\u00bbvc_col-lg-6&Prime;]\t<div id=\"thb-slidetype-69d8004122587\" class=\"thb-slidetype \" data-style=\"style2\">\n\t\t\n<h1><span class=\"thb-slidetype-entry\"><span class=\"lines\">Qui sommes nous ?<\/span><\/span><\/h1>\n\t\t\t<\/div>\n  \n  [vc_column_text animation=\u00a0\u00bbanimation bottom-to-top\u00a0\u00bb]<span style=\"font-weight: 400;\">Vanalyse est un laboratoire d\u2019analyses, prestataire de service, bas\u00e9 \u00e0 Marseille depuis 2005.<\/span><\/p>\n<p><span style=\"font-weight: 400;\">Nous travaillons avec des <\/span><span style=\"font-weight: 400;\">entreprises d\u2019import export d\u2019\u00e9pices et plantes aromatiques, aupr\u00e8s de transformateurs de mati\u00e8res premi\u00e8res et d\u2019extraits naturels, ou encore de fabricants de nutraceutique.<\/span><\/p>\n<p><span style=\"font-weight: 400;\">Parmi nos clients, se trouvent \u00e9galement <\/span><span style=\"font-weight: 400;\">des laboratoires priv\u00e9s nationaux et internationaux, ainsi que des multinationales du secteur de l\u2019agro-alimentaire et de la cosm\u00e9tique. <\/span><\/p>\n<p><span style=\"font-weight: 400;\">Apr\u00e8s plus de 25 ans d\u2019expertise dans le domaine de l\u2019analyse des produits naturels, Sophie Charvet et Philippe Faury, scientifiques aguerris, vous conseillent, vous accompagnent et vous proposent des solutions sur-mesure.<\/span>[\/vc_column_text][\/vc_column_inner][vc_column_inner width=\u00a0\u00bb1\/2&Prime;]\t<div id=\"thb-image-69d80041225be\" class=\"caption-style1 animation fade-in aligncenter   thb_image_link wp-caption \">\n\t\t\t<div class=\"thb-image-inner size_100\">\n\t\t\t<img loading=\"lazy\" decoding=\"async\" width=\"1024\" height=\"683\" src=\"https:\/\/www.vanalyse.fr\/wp-content\/uploads\/2018\/12\/Home--1024x683.jpg\" class=\"thb_image   attachment-large\" alt=\"\" srcset=\"https:\/\/www.vanalyse.fr\/wp-content\/uploads\/2018\/12\/Home-.jpg 1024w, https:\/\/www.vanalyse.fr\/wp-content\/uploads\/2018\/12\/Home--300x200.jpg 300w, https:\/\/www.vanalyse.fr\/wp-content\/uploads\/2018\/12\/Home--768x512.jpg 768w, https:\/\/www.vanalyse.fr\/wp-content\/uploads\/2018\/12\/Home--380x253.jpg 380w, https:\/\/www.vanalyse.fr\/wp-content\/uploads\/2018\/12\/Home--190x127.jpg 190w, https:\/\/www.vanalyse.fr\/wp-content\/uploads\/2018\/12\/Home--760x507.jpg 760w, https:\/\/www.vanalyse.fr\/wp-content\/uploads\/2018\/12\/Home--20x13.jpg 20w\" sizes=\"auto, (max-width: 1024px) 100vw, 1024px\" \/>\t\t\t\t\t<\/div>\n\t\t\t\t\t<\/div>\n  [\/vc_column_inner][\/vc_row_inner][vc_separator color=\u00a0\u00bbwhite\u00a0\u00bb el_width=\u00a0\u00bb10&Prime; css=\u00a0\u00bb.vc_custom_1574120068616{padding-top: 30px !important;}\u00a0\u00bb][\/vc_column][\/vc_row][vc_row thb_full_width=\u00a0\u00bbtrue\u00a0\u00bb thb_row_padding=\u00a0\u00bbtrue\u00a0\u00bb thb_column_padding=\u00a0\u00bbtrue\u00a0\u00bb css=\u00a0\u00bb.vc_custom_1517737461439{padding-top: 15vh !important;padding-bottom: 15vh !important;}\u00a0\u00bb][vc_column][vc_column_text]\n<h1 style=\"text-align: center;\">Notre expertise<\/h1>\n[\/vc_column_text][vc_column_text css=\u00a0\u00bb.vc_custom_1765313315363{padding-right: 25% !important;padding-left: 25% !important;}\u00a0\u00bb]\n<p style=\"text-align: center;\"><span style=\"font-weight: 400;\">Nous intervenons pour la r\u00e9alisation d&rsquo;analyses selon des protocoles normatifs ou d\u00e9finis, des mises au point de m\u00e9thodes analytiques nouvelles ou adapt\u00e9es.<\/span><\/p>\n<p style=\"text-align: center;\"><span style=\"font-weight: 400;\">Nos travaux reposent sur des valeurs de qualit\u00e9, de savoir-faire et de rapidit\u00e9. <\/span><\/p>\n<p style=\"text-align: center;\"><span style=\"font-weight: 400;\"><a href=\"https:\/\/www.vanalyse.fr\/wp-content\/uploads\/2025\/11\/Certificat-renouvellement-ISO-9001-VANALYSE-2025.pdf\" target=\"_blank\" rel=\"noopener\">Vanalyse est certifi\u00e9 ISO 9001-2015<\/a>.<\/span><\/p>\n[\/vc_column_text][\/vc_column][\/vc_row][vc_row css=\u00a0\u00bb.vc_custom_1539204935891{margin-top: 0px !important;margin-bottom: 10% !important;}\u00a0\u00bb][vc_column width=\u00a0\u00bb1\/3&Prime; animation=\u00a0\u00bbanimation bottom-to-top\u00a0\u00bb]\t<div id=\"thb-fancy-box-69d8004122ecb\" class=\"thb-fancy-box  fancy-light fancy-style3  thb-center animation bottom-to-top  has-link\">\n\t\t\t\t<a href=\"https:\/\/www.vanalyse.fr\/?page_id=498\" class=\"thb-fancy-link \" target=\"_self\">\n\t\t\t\t\t<\/a>\n\t\t\t\t<div class=\"thb-fancy-image-container \">\n\t\t\t<div class=\"thb-fancy-image\">\n\t\t\t\t<img loading=\"lazy\" decoding=\"async\" width=\"1024\" height=\"768\" src=\"https:\/\/www.vanalyse.fr\/wp-content\/uploads\/2018\/12\/Home-Vanille.jpg\" class=\"attachment-revolution-tall-x3 size-revolution-tall-x3\" alt=\"\" srcset=\"https:\/\/www.vanalyse.fr\/wp-content\/uploads\/2018\/12\/Home-Vanille.jpg 1024w, https:\/\/www.vanalyse.fr\/wp-content\/uploads\/2018\/12\/Home-Vanille-300x225.jpg 300w, https:\/\/www.vanalyse.fr\/wp-content\/uploads\/2018\/12\/Home-Vanille-768x576.jpg 768w, https:\/\/www.vanalyse.fr\/wp-content\/uploads\/2018\/12\/Home-Vanille-380x285.jpg 380w, https:\/\/www.vanalyse.fr\/wp-content\/uploads\/2018\/12\/Home-Vanille-20x15.jpg 20w, https:\/\/www.vanalyse.fr\/wp-content\/uploads\/2018\/12\/Home-Vanille-190x143.jpg 190w, https:\/\/www.vanalyse.fr\/wp-content\/uploads\/2018\/12\/Home-Vanille-760x570.jpg 760w\" sizes=\"auto, (max-width: 1024px) 100vw, 1024px\" \/>\t\t\t<\/div>\n\t\t<\/div>\n\t\t\t\t<div class=\"thb-fancy-content \">\n\t\t\t\t\t\t<strong><small>Notre expertise<\/small><\/strong>\n<h2 style=\"text-align: center\">La vanille<\/h2>\n\t\t<\/div>\n\t\t<style>\n\t\t\t#thb-fancy-box-69d8004122ecb,\n\t\t\t#thb-fancy-box-69d8004122ecb.fancy-style5 .thb-fancy-image-container,\n\t\t\t#thb-fancy-box-69d8004122ecb .atvImg-container,\n\t\t\t#thb-fancy-box-69d8004122ecb .atvImg-layers {\n\t\t\t\tmin-height: 400px;\n\t\t\t}\n\t\t\t\t\t\t\t#thb-fancy-box-69d8004122ecb,\n\t\t\t\t#thb-fancy-box-69d8004122ecb .thb-fancy-image-container,\n\t\t\t\t#thb-fancy-box-69d8004122ecb .thb-fancy-image,\n\t\t\t\t#thb-fancy-box-69d8004122ecb .thb-fancy-image img,\n\t\t\t\t#thb-fancy-box-69d8004122ecb .thb-fancy-content,\n\t\t\t\t#thb-fancy-box-69d8004122ecb .thb-fancy-hover {\n\t\t\t\t\tborder-radius: 0px;\n\t\t\t\t}\n\t\t\t\t\t\t\t\t<\/style>\n\t<\/div>\n\t\n\t[\/vc_column][vc_column width=\u00a0\u00bb1\/3&Prime; animation=\u00a0\u00bbanimation bottom-to-top\u00a0\u00bb]\t<div id=\"thb-fancy-box-69d8004123520\" class=\"thb-fancy-box  fancy-light fancy-style3  thb-center animation bottom-to-top  has-link\">\n\t\t\t\t<a href=\"https:\/\/www.vanalyse.fr\/?page_id=498\" class=\"thb-fancy-link \" target=\"_self\">\n\t\t\t\t\t<\/a>\n\t\t\t\t<div class=\"thb-fancy-image-container \">\n\t\t\t<div class=\"thb-fancy-image\">\n\t\t\t\t<img loading=\"lazy\" decoding=\"async\" width=\"1024\" height=\"683\" src=\"https:\/\/www.vanalyse.fr\/wp-content\/uploads\/2018\/12\/Home-cafe\u0301.jpg\" class=\"attachment-revolution-tall-x3 size-revolution-tall-x3\" alt=\"\" srcset=\"https:\/\/www.vanalyse.fr\/wp-content\/uploads\/2018\/12\/Home-cafe\u0301.jpg 1024w, https:\/\/www.vanalyse.fr\/wp-content\/uploads\/2018\/12\/Home-cafe\u0301-300x200.jpg 300w, https:\/\/www.vanalyse.fr\/wp-content\/uploads\/2018\/12\/Home-cafe\u0301-768x512.jpg 768w, https:\/\/www.vanalyse.fr\/wp-content\/uploads\/2018\/12\/Home-cafe\u0301-380x253.jpg 380w, https:\/\/www.vanalyse.fr\/wp-content\/uploads\/2018\/12\/Home-cafe\u0301-190x127.jpg 190w, https:\/\/www.vanalyse.fr\/wp-content\/uploads\/2018\/12\/Home-cafe\u0301-760x507.jpg 760w, https:\/\/www.vanalyse.fr\/wp-content\/uploads\/2018\/12\/Home-cafe\u0301-20x13.jpg 20w\" sizes=\"auto, (max-width: 1024px) 100vw, 1024px\" \/>\t\t\t<\/div>\n\t\t<\/div>\n\t\t\t\t<div class=\"thb-fancy-content \">\n\t\t\t\t\t\t<strong><small>Notre expertise<\/small><\/strong>\n<h2 style=\"text-align: center\">Le caf\u00e9<\/h2>\n\t\t<\/div>\n\t\t<style>\n\t\t\t#thb-fancy-box-69d8004123520,\n\t\t\t#thb-fancy-box-69d8004123520.fancy-style5 .thb-fancy-image-container,\n\t\t\t#thb-fancy-box-69d8004123520 .atvImg-container,\n\t\t\t#thb-fancy-box-69d8004123520 .atvImg-layers {\n\t\t\t\tmin-height: 400px;\n\t\t\t}\n\t\t\t\t\t\t\t\t<\/style>\n\t<\/div>\n\t\n\t[\/vc_column][vc_column width=\u00a0\u00bb1\/3&Prime;]\t<div id=\"thb-fancy-box-69d8004123ab0\" class=\"thb-fancy-box  fancy-light fancy-style3  thb-center animation bottom-to-top  has-link\">\n\t\t\t\t<a href=\"https:\/\/www.vanalyse.fr\/?page_id=498\" class=\"thb-fancy-link \" target=\"_self\">\n\t\t\t\t\t<\/a>\n\t\t\t\t<div class=\"thb-fancy-image-container \">\n\t\t\t<div class=\"thb-fancy-image\">\n\t\t\t\t<img loading=\"lazy\" decoding=\"async\" width=\"1024\" height=\"681\" src=\"https:\/\/www.vanalyse.fr\/wp-content\/uploads\/2018\/12\/Home-Epices-et-aromates.jpg\" class=\"attachment-revolution-tall-x3 size-revolution-tall-x3\" alt=\"\" srcset=\"https:\/\/www.vanalyse.fr\/wp-content\/uploads\/2018\/12\/Home-Epices-et-aromates.jpg 1024w, https:\/\/www.vanalyse.fr\/wp-content\/uploads\/2018\/12\/Home-Epices-et-aromates-300x200.jpg 300w, https:\/\/www.vanalyse.fr\/wp-content\/uploads\/2018\/12\/Home-Epices-et-aromates-768x511.jpg 768w, https:\/\/www.vanalyse.fr\/wp-content\/uploads\/2018\/12\/Home-Epices-et-aromates-380x253.jpg 380w, https:\/\/www.vanalyse.fr\/wp-content\/uploads\/2018\/12\/Home-Epices-et-aromates-190x126.jpg 190w, https:\/\/www.vanalyse.fr\/wp-content\/uploads\/2018\/12\/Home-Epices-et-aromates-760x505.jpg 760w, https:\/\/www.vanalyse.fr\/wp-content\/uploads\/2018\/12\/Home-Epices-et-aromates-20x13.jpg 20w\" sizes=\"auto, (max-width: 1024px) 100vw, 1024px\" \/>\t\t\t<\/div>\n\t\t<\/div>\n\t\t\t\t<div class=\"thb-fancy-content \">\n\t\t\t\t\t\t<strong><small>Notre expertise<\/small><\/strong>\n<h2 style=\"text-align: center\">Epices &amp; Aromates<\/h2>\n\t\t<\/div>\n\t\t<style>\n\t\t\t#thb-fancy-box-69d8004123ab0,\n\t\t\t#thb-fancy-box-69d8004123ab0.fancy-style5 .thb-fancy-image-container,\n\t\t\t#thb-fancy-box-69d8004123ab0 .atvImg-container,\n\t\t\t#thb-fancy-box-69d8004123ab0 .atvImg-layers {\n\t\t\t\tmin-height: 400px;\n\t\t\t}\n\t\t\t\t\t\t\t\t<\/style>\n\t<\/div>\n\t\n\t[\/vc_column][\/vc_row][vc_row css=\u00a0\u00bb.vc_custom_1518204864696{padding-top: 15vh !important;padding-bottom: 15vh !important;}\u00a0\u00bb el_class=\u00a0\u00bbalign-center\u00a0\u00bb][vc_column el_class=\u00a0\u00bbtext-center\u00a0\u00bb offset=\u00a0\u00bbvc_col-lg-8 vc_col-md-8&Prime;]\t<div id=\"thb-slidetype-69d8004124066\" class=\"thb-slidetype \" data-style=\"style2\">\n\t\t\n<h1><span class=\"thb-slidetype-entry\"><span class=\"lines\">Vous souhaitez travailler avec nous ?<\/span><\/span><\/h1>\n\t\t\t\t<style>\n\t\t\t#thb-slidetype-69d8004124066 .thb-slidetype-entry {\n\t\t\t\tcolor: #0a0a0a;\n\t\t\t}\n\t\t<\/style>\n\t\t\t<\/div>\n  \n  \t<div id=\"thb-image-69d800412409c\" class=\"caption-style1  aligncenter   thb_image_link wp-caption \">\n\t\t\t<div class=\"thb-image-inner size_100\">\n\t\t\t\t\t\t\t\t<\/div>\n\t\t\t\t\t<\/div>\n  [vc_column_text animation=\u00a0\u00bbanimation bottom-to-top\u00a0\u00bb]\n<div class=\"wpb_text_column wpb_content_element animation bottom-to-top \">\n<div class=\"wpb_wrapper\">Envoyez-nous un mail pour nous parler de vos besoins, nous trouverons ensemble une solution.<\/div>\n<\/div>\n[\/vc_column_text][vc_empty_space height=\u00a0\u00bb12px\u00a0\u00bb]\t<a id=\"thb-button-69d8004124919\" class=\"btn style1 large  black no-radius    arrow-enabled\" href=\"https:\/\/www.vanalyse.fr\/?page_id=130\" target=\"_self\" role=\"button\">\n\t\t\t  <span>Nous contacter<\/span><svg xmlns=\"http:\/\/www.w3.org\/2000\/svg\" xmlns:xlink=\"http:\/\/www.w3.org\/1999\/xlink\" x=\"0px\" y=\"0px\"\r\n\t width=\"30px\" height=\"18px\" viewBox=\"0 0 30 18\" enable-background=\"new 0 0 30 18\" xml:space=\"preserve\">\r\n<path class=\"handle\" d=\"M20.305,16.212c-0.407,0.409-0.407,1.071,0,1.479s1.068,0.408,1.476,0l7.914-7.952c0.408-0.409,0.408-1.071,0-1.481\r\n\tl-7.914-7.952c-0.407-0.409-1.068-0.409-1.476,0s-0.407,1.071,0,1.48l7.185,7.221L20.305,16.212z\"\/>\r\n<path class=\"bar\" fill-rule=\"evenodd\" clip-rule=\"evenodd\" d=\"M1,8h28.001c0.551,0,1,0.448,1,1c0,0.553-0.449,1-1,1H1c-0.553,0-1-0.447-1-1\r\n\tC0,8.448,0.447,8,1,8z\"\/>\r\n<\/svg>\r\n<\/a>\n    [\/vc_column][\/vc_row][vc_row][vc_column][vc_column_text]\n<p><script src=\"chrome-extension:\/\/hjggbopcacdchdecegldbeknhpeiheaf\/content\/zbscormscript.js\" type=\"text\/javascript\"><\/script>[\/vc_column_text][\/vc_column][\/vc_row]\n","protected":false},"excerpt":{"rendered":"<p>[vc_row thb_full_width=\u00a0\u00bbtrue\u00a0\u00bb thb_row_padding=\u00a0\u00bbtrue\u00a0\u00bb thb_column_padding=\u00a0\u00bbtrue\u00a0\u00bb full_height=\u00a0\u00bbyes\u00a0\u00bb css=\u00a0\u00bb.vc_custom_1546005147652{padding-top: 32vh !important;background: rgba(247,221,178,0.11) url(https:\/\/www.vanalyse.fr\/wp-content\/uploads\/2018\/12\/HP-header-filtre-1.jpg?id=1114) !important;background-position: center !important;background-repeat: no-repeat !important;background-size: cover !important;*background-color: rgb(247,221,178) !important;}\u00a0\u00bb][vc_column thb_color=\u00a0\u00bbthb-light-column\u00a0\u00bb offset=\u00a0\u00bbvc_col-lg-offset-0 vc_col-md-offset-0 vc_col-sm-offset-0&Prime; css=\u00a0\u00bb.vc_custom_1539204807983{margin-bottom: 10% !important;}\u00a0\u00bb][vc_row_inner thb_max_width=\u00a0\u00bb\u00a0\u00bb][vc_column_inner width=\u00a0\u00bb11\/12&Prime; offset=\u00a0\u00bbvc_col-lg-offset-1 vc_col-lg-8 vc_col-md-5&Prime; css=\u00a0\u00bb.vc_custom_1546005622794{padding-left: 10% !important;}\u00a0\u00bb][vc_column_text animation=\u00a0\u00bbanimation bottom-to-top\u00a0\u00bb]Contr\u00f4le qualit\u00e9, analyses, expertise, \u00e9tudes et recherches[\/vc_column_text][\/vc_column_inner][\/vc_row_inner][\/vc_column][\/vc_row][vc_row thb_full_width=\u00a0\u00bbtrue\u00a0\u00bb css=\u00a0\u00bb.vc_custom_1539206187562{margin-top: 12vh !important;padding-top: 12vh !important;padding-bottom: 12vh !important;background-color: rgba(255,255,255,0.11) !important;*background-color: rgb(255,255,255) !important;}\u00a0\u00bb][vc_column][vc_row_inner content_placement=\u00a0\u00bbmiddle\u00a0\u00bb&hellip;<\/p>\n","protected":false},"author":1,"featured_media":0,"parent":0,"menu_order":0,"comment_status":"closed","ping_status":"closed","template":"","meta":{"_seopress_robots_primary_cat":"","_seopress_titles_title":"Vanalyse - Laboratoire d'analyses agroalimentaires \u00e0 Marseille","_seopress_titles_desc":"D\u00e9couvrez Vanalyse, laboratoire d'analyses agroalimentaires, bas\u00e9 \u00e0 Marseille | Analyses de vanille, caf\u00e9, spiritueux, \u00e9pices, huiles essentielles, \u2026","_seopress_robots_index":"","footnotes":""},"class_list":["post-111","page","type-page","status-publish","hentry"],"_links":{"self":[{"href":"https:\/\/www.vanalyse.fr\/index.php?rest_route=\/wp\/v2\/pages\/111","targetHints":{"allow":["GET"]}}],"collection":[{"href":"https:\/\/www.vanalyse.fr\/index.php?rest_route=\/wp\/v2\/pages"}],"about":[{"href":"https:\/\/www.vanalyse.fr\/index.php?rest_route=\/wp\/v2\/types\/page"}],"author":[{"embeddable":true,"href":"https:\/\/www.vanalyse.fr\/index.php?rest_route=\/wp\/v2\/users\/1"}],"replies":[{"embeddable":true,"href":"https:\/\/www.vanalyse.fr\/index.php?rest_route=%2Fwp%2Fv2%2Fcomments&post=111"}],"version-history":[{"count":23,"href":"https:\/\/www.vanalyse.fr\/index.php?rest_route=\/wp\/v2\/pages\/111\/revisions"}],"predecessor-version":[{"id":1236,"href":"https:\/\/www.vanalyse.fr\/index.php?rest_route=\/wp\/v2\/pages\/111\/revisions\/1236"}],"wp:attachment":[{"href":"https:\/\/www.vanalyse.fr\/index.php?rest_route=%2Fwp%2Fv2%2Fmedia&parent=111"}],"curies":[{"name":"wp","href":"https:\/\/api.w.org\/{rel}","templated":true}]}}